{"id":2,"date":"2016-05-10T03:48:21","date_gmt":"2016-05-10T03:48:21","guid":{"rendered":"https:\/\/villa-facius.de\/?page_id=2"},"modified":"2022-03-11T21:32:58","modified_gmt":"2022-03-11T21:32:58","slug":"sample-page","status":"publish","type":"page","link":"https:\/\/www.villa-facius.de\/?page_id=2","title":{"rendered":"\u00dcber uns"},"content":{"rendered":"<p>F\u00fcr alle neugierigen m\u00f6chten wir uns hier kurz vorstellen.<\/p>\n<p>Die gute Seele&#8230;<\/p>\n<blockquote>\n<p>Hi. Ich bin C\u00e4cilia. Geb\u00fcrtige S\u00e4chsin, Mutter von zwei Kindern und Erzieherin mit Herz und Seele. Nachdem ich knappe 15 Jahre aus Sachsen weg war, hab ich nun den Weg in meine Heimatstadt zur\u00fcckgefunden und bin hier wieder gl\u00fccklich. Einmal Sachse &#8211; immer Sachse.<\/p>\n<\/blockquote>\n<p>&#8230; und der Betreuer der Website.<\/p>\n<blockquote>\n<p>Hallo, ich bin Marc. Geb\u00fcrtiger Berliner und nach einer kleinen Odyssee durch Deutschland nun endlich zur Ruhe gekommen in der Heimatstadt meiner Frau. Hier ist es einfach sch\u00f6n, recht ruhig und doch st\u00e4dtisch genug um meine Bed\u00fcrfnisse zu befriedigen. Das Haus ist mein neues Hobby. Es gibt viel zu tun und viel zu lernen. Aber mit jedem gestemmten Projekt steigt der Stolz auf die getane Arbeit. Packen wir&#8217;s an&#8230;<\/p>\n<\/blockquote>\n<p>Das war es in K\u00fcrze. \ud83d\ude00<\/p>\n\n\n<p><\/p>\n","protected":false},"excerpt":{"rendered":"<p>F\u00fcr alle neugierigen m\u00f6chten wir uns hier kurz vorstellen. Die gute Seele&#8230; Hi. Ich bin&#8230;<\/p>\n<div class=\"more-link-wrapper\"><a class=\"more-link\" href=\"https:\/\/www.villa-facius.de\/?page_id=2\">Beitrag lesen<span class=\"screen-reader-text\">\u00dcber uns<\/span><\/a><\/div>\n","protected":false},"author":1,"featured_media":0,"parent":0,"menu_order":0,"comment_status":"closed","ping_status":"open","template":"","meta":{"footnotes":""},"class_list":["post-2","page","type-page","status-publish","hentry","excerpt","zoom","full-without-featured","even","excerpt-0"],"_links":{"self":[{"href":"https:\/\/www.villa-facius.de\/index.php?rest_route=\/wp\/v2\/pages\/2","targetHints":{"allow":["GET"]}}],"collection":[{"href":"https:\/\/www.villa-facius.de\/index.php?rest_route=\/wp\/v2\/pages"}],"about":[{"href":"https:\/\/www.villa-facius.de\/index.php?rest_route=\/wp\/v2\/types\/page"}],"author":[{"embeddable":true,"href":"https:\/\/www.villa-facius.de\/index.php?rest_route=\/wp\/v2\/users\/1"}],"replies":[{"embeddable":true,"href":"https:\/\/www.villa-facius.de\/index.php?rest_route=%2Fwp%2Fv2%2Fcomments&post=2"}],"version-history":[{"count":3,"href":"https:\/\/www.villa-facius.de\/index.php?rest_route=\/wp\/v2\/pages\/2\/revisions"}],"predecessor-version":[{"id":44,"href":"https:\/\/www.villa-facius.de\/index.php?rest_route=\/wp\/v2\/pages\/2\/revisions\/44"}],"wp:attachment":[{"href":"https:\/\/www.villa-facius.de\/index.php?rest_route=%2Fwp%2Fv2%2Fmedia&parent=2"}],"curies":[{"name":"wp","href":"https:\/\/api.w.org\/{rel}","templated":true}]}}